{"id":2481,"date":"2026-03-24T12:29:09","date_gmt":"2026-03-24T11:29:09","guid":{"rendered":"https:\/\/aeromaxservices.com\/?page_id=2481"},"modified":"2026-03-24T12:29:09","modified_gmt":"2026-03-24T11:29:09","slug":"mentions-legales","status":"publish","type":"page","link":"https:\/\/aeromaxservices.com\/en\/mentions-legales\/","title":{"rendered":"Mentions L\u00e9gales"},"content":{"rendered":"<h1 style=\"text-align: center;\"><a href=\"https:\/\/aeromaxservices.com\/en\/\">A\u00c9ROMAX SERVICES<\/a><\/h1>\n<h1 style=\"text-align: center;\">Mentions L\u00e9gales<\/h1>\n<h4>H\u00e9bergeur<\/h4>\n<p>Infomaniak Network SA Rue Eug\u00e8ne Marziano 25 1227 Les Acacias (GE) SUISSE<\/p>\n<h4>\u00c9diteur<\/h4>\n<p>Raison sociale : E.U.R.L. A\u00c9ROMAX SERVICES<\/p>\n<p>Adresse :\u00a0<span class=\"font-size-14 lh-1\">A\u00e9rodrome de Gap-Tallard &#8211; <\/span><span class=\"font-size-14 lh-1\">11, Rue Charles Nungesser &#8211; <\/span><span class=\"font-size-14 lh-1\">05130 TALLARD<\/span><\/p>\n<p>E-mail : contact@aeromaxservices.com<\/p>\n<p>Directeur de publication : Pierre Hurlbut<\/p>\n<p>RCS : 837 682 616 Gap<\/p>\n<h2 style=\"text-align: center;\">Conditions d\u2019utilisation<\/h2>\n<p style=\"text-align: justify;\">Le site est accessible par l\u2019url https:\/\/aeromaxservices.com. Son utilisation est r\u00e9gie par les pr\u00e9sentes conditions g\u00e9n\u00e9rales.\u00a0En utilisant le site, vous reconnaissez avoir pris connaissance de ces conditions et les avoir accept\u00e9es.\u00a0Celles-ci pourront \u00eatre modifi\u00e9es \u00e0 tout moment et sans pr\u00e9avis par la soci\u00e9t\u00e9 A\u00c9ROMAX SERVICES.<\/p>\n<p style=\"text-align: justify;\">L\u2019entreprise A\u00c9ROMAX SERVICES ne saurait \u00eatre tenue pour responsable en aucune mani\u00e8re d\u2019une mauvaise utilisation du service. Limitation de la responsabilit\u00e9 Les informations contenues sur ce site sont aussi pr\u00e9cises que possible et le site est p\u00e9riodiquement mis \u00e0 jour, mais peut toutefois contenir des inexactitudes, des omissions ou des lacunes. Si vous constatez une erreur ou ce qui peut \u00eatre un dysfonctionnement, merci de bien vouloir le signaler par e-mail en d\u00e9crivant le probl\u00e8me de la mani\u00e8re la plus pr\u00e9cise possible. Tout contenu t\u00e9l\u00e9charg\u00e9 se fait aux risques et p\u00e9rils de l\u2019utilisateur et sous sa seule responsabilit\u00e9. En cons\u00e9quence, l\u2019entreprise A\u00c9ROMAX SERVICES ne saurait \u00eatre tenue responsable d\u2019un quelconque dommage subi par l\u2019ordinateur de l\u2019utilisateur ou d\u2019une quelconque perte de donn\u00e9es cons\u00e9cutives au t\u00e9l\u00e9chargement. Les photos sont non contractuelles. Les liens hypertextes mis en place sur ce site internet en direction d\u2019autres sites internet ne sauraient engager la responsabilit\u00e9 de A\u00c9ROMAX SERVICES. Litiges Les pr\u00e9sentes conditions sont r\u00e9gies par les lois fran\u00e7aises et toute contestation ou litige qui pourrait na\u00eetre de l\u2019interpr\u00e9tation ou de l\u2019ex\u00e9cution de celles-ci seront de la comp\u00e9tence exclusive des tribunaux dont d\u00e9pend le si\u00e8ge social de la soci\u00e9t\u00e9 A\u00c9ROMAX SERVICES. La langue de r\u00e9f\u00e9rence, pour le r\u00e8glement de contentieux \u00e9ventuels, est le fran\u00e7ais.<\/p>\n<h3 style=\"text-align: center;\">Donn\u00e9es personnelles<\/h3>\n<p style=\"text-align: justify;\">Vos donn\u00e9es peuvent \u00eatre collect\u00e9es par A\u00c9ROMAX SERVICES. Une donn\u00e9e \u00e0 caract\u00e8re personnel d\u00e9signe toute information concernant une personne physique identifi\u00e9e ou identifiable (personne concern\u00e9e); est r\u00e9put\u00e9e identifiable une personne qui peut \u00eatre identifi\u00e9e, directement ou indirectement, notamment par r\u00e9f\u00e9rence \u00e0 un nom, un num\u00e9ro d\u2019identification ou \u00e0 un ou plusieurs \u00e9l\u00e9ments sp\u00e9cifiques, propres \u00e0 son identit\u00e9 physique, physiologique, g\u00e9n\u00e9tique, psychique, \u00e9conomique, culturelle ou sociale. Les informations personnelles pouvant \u00eatre recueillies sur le site sont principalement utilis\u00e9es par l\u2019\u00e9diteur pour la gestion des relations avec vous. En vertu de la loi n\u00b0 2000-719 du 1er ao\u00fbt 2000, les coordonn\u00e9es d\u00e9clar\u00e9es par l\u2019acheteur pourront \u00eatre communiqu\u00e9es sur r\u00e9quisition des autorit\u00e9s judiciaires.<\/p>\n<p style=\"text-align: justify;\">En application de la loi informatique et libert\u00e9s, les internautes disposent d\u2019un droit d\u2019acc\u00e8s, de rectification, de modification et de suppression concernant les donn\u00e9es qui les concernent personnellement. Le droit d\u2019acc\u00e8s : ils peuvent exercer leur droit d\u2019acc\u00e8s, pour conna\u00eetre les donn\u00e9es personnelles les concernant, en \u00e9crivant \u00e0 l\u2019adresse \u00e9lectronique suivante. Dans ce cas, avant la mise en \u0153uvre de ce droit, la Plateforme peut demander une preuve de l\u2019identit\u00e9 de l\u2019utilisateur afin d\u2019en v\u00e9rifier l\u2019exactitude. Le droit de rectification : si les donn\u00e9es \u00e0 caract\u00e8re personnel d\u00e9tenues par la Plateforme sont inexactes, ils peuvent demander la mise \u00e0 jour des informations. Le droit de suppression des donn\u00e9es : les utilisateurs peuvent demander la suppression de leurs donn\u00e9es \u00e0 caract\u00e8re personnel, conform\u00e9ment aux lois applicables en mati\u00e8re de protection des donn\u00e9es. Ce droit peut \u00eatre exerc\u00e9 par voie postale ou par voie \u00e9lectronique.\u00a0Les informations personnelles collect\u00e9es sont confidentielles et ne sont en aucun cas transmises \u00e0 des tiers hormis pour l\u2019\u00e9ventuelle bonne ex\u00e9cution de la prestation command\u00e9e par l\u2019internaute.<\/p>\n<h3 style=\"text-align: center;\">Propri\u00e9t\u00e9 Intellectuelle<\/h3>\n<p style=\"text-align: justify;\">Propri\u00e9t\u00e9 intellectuelle Tout le contenu du pr\u00e9sent site, incluant, de fa\u00e7on non limitative, les graphismes, images, textes, vid\u00e9os, animations, sons, logos, gifs et ic\u00f4nes ainsi que leur mise en forme sont la propri\u00e9t\u00e9 exclusive de la soci\u00e9t\u00e9 A\u00c9ROMAX SERVICES \u00e0 l\u2019exception des marques, logos ou contenus appartenant \u00e0 d\u2019autres soci\u00e9t\u00e9s partenaires ou auteurs. Toute reproduction, distribution, modification, adaptation, retransmission ou publication, m\u00eame partielle, de ces diff\u00e9rents \u00e9l\u00e9ments est strictement interdite sans l\u2019accord express par \u00e9crit de A\u00c9ROMAX SERVICES.<\/p>\n<h3 style=\"text-align: center;\">Cookies<\/h3>\n<p>Ce site utilise des cookies de session n\u00e9cessaires \u00e0 son bon fonctionnement.<\/p>\n<p><a href=\"https:\/\/aeromaxservices.com\/en\/politique-de-cookies-ue\/\">Politique de cookies (UE)<\/a><\/p>","protected":false},"excerpt":{"rendered":"<p>A\u00c9ROMAX SERVICES Mentions L\u00e9gales H\u00e9bergeur Infomaniak Network SA Rue Eug\u00e8ne Marziano 25 1227 Les Acacias (GE) SUISSE \u00c9diteur Raison sociale : E.U.R.L. A\u00c9ROMAX SERVICES Adresse :\u00a0A\u00e9rodrome de Gap-Tallard &#8211; 11, Rue Charles Nungesser &#8211; 05130 TALLARD E-mail : contact@aeromaxservices.com Directeur de publication : Pierre Hurlbut RCS : 837 682 616 Gap Conditions d\u2019utilisation Le site [&hellip;]<\/p>\n","protected":false},"author":1,"featured_media":0,"parent":0,"menu_order":0,"comment_status":"closed","ping_status":"closed","template":"","meta":{"_et_pb_use_builder":"","_et_pb_old_content":"","_et_gb_content_width":"","footnotes":""},"class_list":["post-2481","page","type-page","status-publish","hentry"],"_links":{"self":[{"href":"https:\/\/aeromaxservices.com\/en\/wp-json\/wp\/v2\/pages\/2481","targetHints":{"allow":["GET"]}}],"collection":[{"href":"https:\/\/aeromaxservices.com\/en\/wp-json\/wp\/v2\/pages"}],"about":[{"href":"https:\/\/aeromaxservices.com\/en\/wp-json\/wp\/v2\/types\/page"}],"author":[{"embeddable":true,"href":"https:\/\/aeromaxservices.com\/en\/wp-json\/wp\/v2\/users\/1"}],"replies":[{"embeddable":true,"href":"https:\/\/aeromaxservices.com\/en\/wp-json\/wp\/v2\/comments?post=2481"}],"version-history":[{"count":3,"href":"https:\/\/aeromaxservices.com\/en\/wp-json\/wp\/v2\/pages\/2481\/revisions"}],"predecessor-version":[{"id":2487,"href":"https:\/\/aeromaxservices.com\/en\/wp-json\/wp\/v2\/pages\/2481\/revisions\/2487"}],"wp:attachment":[{"href":"https:\/\/aeromaxservices.com\/en\/wp-json\/wp\/v2\/media?parent=2481"}],"curies":[{"name":"wp","href":"https:\/\/api.w.org\/{rel}","templated":true}]}}